{"id":6272,"date":"2026-03-12T12:17:20","date_gmt":"2026-03-12T12:17:20","guid":{"rendered":"https:\/\/homesincostabrava.com\/politica-de-privadesa\/"},"modified":"2026-03-12T12:17:20","modified_gmt":"2026-03-12T12:17:20","slug":"politica-de-privadesa","status":"publish","type":"page","link":"https:\/\/homesincostabrava.com\/ca\/politica-de-privadesa\/","title":{"rendered":"Pol\u00edtica de privadesa"},"content":{"rendered":"<div id=\"politicas-contenido\"><div class=\"box\">\r\n<div id=\"contentAvisoLegal\">\r\n    <p>\u00a0<\/p>\r\n<p><strong>POL\u00cdTICA DE PRIVACITAT<\/strong><\/p>\r\n<p>\u00a0<\/p>\r\n<p>\u00daltima actualitzaci\u00f3: 15\/08\/2024<\/p>\r\n<p><strong>1. INFORMACI\u00d3 A L'USUARI<\/strong><\/p>\r\n<p><strong>Qui \u00e9s el responsable del tractament de les teves dades personals?<\/strong><\/p>\r\n<p><strong>TORRENT API SAU<\/strong>\u00e9s el RESPONSABLE del tractament de les dades personals de l'USUARI i us informa que aquestes dades seran tractades de conformitat amb el que disposa el Reglament (UE) 2016\/679, de 27 d'abril (GDPR), i la Llei Org\u00e0nica 3\/2018 , de 5 de desembre (LOPDGDD).<\/p>\r\n<p><strong>Per qu\u00e8 tractem les teves dades personals?<\/strong><\/p>\r\n<p>Per mantenir una relaci\u00f3 comercial amb lusuari. Les operacions previstes per realitzar el tractament s\u00f3n:<\/p>\r\n<ul>\r\n<li>Remissi\u00f3 de comunicacions comercials publicit\u00e0ries per correu electr\u00f2nic, fax, SMS, MMS, xarxes socials o qualsevol altre mitj\u00e0 electr\u00f2nic o f\u00edsic, present o futur, que possibiliti fer comunicacions comercials. Aquestes comunicacions seran realitzades pel RESPONSABLE i estaran relacionades amb els seus productes i serveis, o dels seus col\u00b7laboradors o prove\u00efdors, amb els quals aquest hagi arribat a algun acord de promoci\u00f3. En aquest cas, els tercers mai no tindran acc\u00e9s a les dades personals.<\/li>\r\n<li>Realitzar estudis de mercat i an\u00e0lisis estad\u00edstiques.<\/li>\r\n<li>Tramitar enc\u00e0rrecs, sol\u00b7licituds, donar resposta a les consultes o qualsevol tipus de petici\u00f3 que sigui realitzada per l'USUARI a trav\u00e9s de qualsevol de les formes de contacte que es posen a la vostra disposici\u00f3 a la p\u00e0gina web del RESPONSABLE.<\/li>\r\n<li>Remetre el butllet\u00ed informatiu online, sobre novetats, ofertes i promocions a la nostra activitat.<\/li>\r\n<\/ul>\r\n<p><strong>Per quin motiu podem tractar les dades personals?<\/strong><\/p>\r\n<p>Perqu\u00e8 el tractament est\u00e0 legitimat per l'article 6 del GDPR de la manera seg\u00fcent:<\/p>\r\n<ul>\r\n<li>Amb el consentiment de l'USUARI: tramesa de comunicacions comercials i del butllet\u00ed informatiu.<\/li>\r\n<li>Per inter\u00e8s leg\u00edtim del RESPONSABLE: realitzar estudis de mercat, an\u00e0lisis estad\u00edstiques, etc. i tramitar enc\u00e0rrecs, sol\u00b7licituds, etc. a petici\u00f3 de l'USUARI.<\/li>\r\n<\/ul>\r\n<p><strong>Durant quant de temps guardarem les teves dades personals?<\/strong><\/p>\r\n<p>Es conservaran durant no m\u00e9s temps del necessari per mantenir la fi del tractament o hi hagi prescripcions legals que dictaminin la seva cust\u00f2dia i quan ja no sigui necessari, se suprimiran amb mesures de seguretat adequades per garantir l'anonimitzaci\u00f3 de les dades o la destrucci\u00f3 total de els mateixos.<\/p>\r\n<p><strong>A qui facilitem les teves dades personals?<\/strong><\/p>\r\n<p>No est\u00e0 prevista cap comunicaci\u00f3 de dades personals a tercers llevat, si fos necessari per al desenvolupament i execuci\u00f3 de les finalitats del tractament, als nostres prove\u00efdors de serveis relacionats amb comunicacions, amb els quals el RESPONSABLE t\u00e9 subscrits els contractes de confidencialitat i encarregat de tractament exigits per la normativa vigent de privadesa.<\/p>\r\n<p><strong>Quins s\u00f3n els teus <\/strong><strong>drets<\/strong><strong>?<\/strong><\/p>\r\n<p>Els drets que assisteixen a l'USUARI s\u00f3n:<\/p>\r\n<ul>\r\n<li>Dret a retirar el consentiment en qualsevol moment.<\/li>\r\n<li>Dret d'acc\u00e9s, rectificaci\u00f3, portabilitat i supressi\u00f3 de les vostres dades, i de limitaci\u00f3 o oposici\u00f3 al tractament.<\/li>\r\n<li>Dret a presentar una reclamaci\u00f3 davant de l'autoritat de control (www.aepd.es) si considera que el tractament no s'ajusta a la normativa vigent.<\/li>\r\n<\/ul>\r\n<p><strong>Dades de contacte per exercir els vostres drets<\/strong>:<\/p>\r\n<p>TORRENT API SAU. Pg. de Catalunya, 35-17257 Torroella de Montgr\u00ed (Girona).<\/p>\r\n<p><strong>Dades de contacte del delegat de protecci\u00f3 de dades:<\/strong> <a href=\"mailto:prodad@torrent-api.info\">prodad@torrent-api.info<\/a><\/p>\r\n<p><strong>2. CAR\u00c0CTER OBLIGATORI O FACULTATIU DE LA INFORMACI\u00d3 FACILITADA PER L'USUARI<\/strong><\/p>\r\n<p>Els USUARIS, mitjan\u00e7ant la marcaci\u00f3 de les caselles corresponents i l'entrada de dades als camps, marcats amb un asterisc (*) al formulari de contacte o presentats en formularis de desc\u00e0rrega, accepten expressament i de forma lliure i inequ\u00edvoca, que les seves dades s\u00f3n necessaris per atendre la seva petici\u00f3, per part del prestador, i \u00e9s volunt\u00e0ria la inclusi\u00f3 de dades en els camps restants. L'USUARI garanteix que les dades personals facilitades al RESPONSABLE s\u00f3n veraces i es fa responsable de comunicar-ne qualsevol modificaci\u00f3. El RESPONSABLE informa que totes les dades sol\u00b7licitades a trav\u00e9s del lloc web s\u00f3n obligat\u00f2ries, ja que s\u00f3n necess\u00e0ries per a la prestaci\u00f3 d'un servei \u00f2ptim a l'USUARI. En cas que no es facilitin totes les dades, no es garanteix que la informaci\u00f3 i els serveis facilitats siguin completament ajustats a les seves necessitats.<\/p>\r\n<p><strong>3. MESURES DE SEGURETAT<\/strong><\/p>\r\n<p>Que de conformitat amb el que disposen les normatives vigents en protecci\u00f3 de dades personals, el RESPONSABLE est\u00e0 complint amb totes les disposicions de les normatives GDPR i LOPDGDD per al tractament de les dades personals de la seva responsabilitat, i manifestament amb els principis descrits a l'article 5 del GDPR, pels quals s\u00f3n tractats de manera l\u00edcita, lleial i transparent en relaci\u00f3 amb l'interessat i adequats, pertinents i limitats a all\u00f2 necessari en relaci\u00f3 amb els fins per als quals s\u00f3n tractats. El RESPONSABLE garanteix que ha implementat pol\u00edtiques t\u00e8cniques i organitzatives apropiades per aplicar les mesures de seguretat que estableixen el GDPR i la LOPDGDD per tal de protegir els drets i les llibertats dels USUARIS i els ha comunicat la informaci\u00f3 adequada perqu\u00e8 puguin exercir-los.<\/p>\r\n<p>Per a m\u00e9s informaci\u00f3 sobre les garanties de privadesa, pots adre\u00e7ar-te al RESPONSABLE a trav\u00e9s de TORRENT API SAU. Pg. de Catalunya, 35 - 17257 Torroella de Montgr\u00ed (Girona)<\/p>\r\n<p><strong>Dades de contacte del delegat de protecci\u00f3 de dades:<\/strong> <a href=\"mailto:prodad@torrent-api.info\">prodad@torrent-api.info<\/a><\/p>\r\n<p><strong>\u00a0<\/strong><\/p>\r\n<p><strong>4.- POL\u00cdTICA DE PRIVACITAT DE LES XARXES SOCIALS<\/strong><\/p>\r\n<p>A TORRENT API SAU valorem la teva privadesa i ens comprometem a protegir la informaci\u00f3 personal que comparteixes amb nosaltres a trav\u00e9s de les nostres xarxes socials. Aquesta Pol\u00edtica de Privadesa de Xarxes Socials est\u00e0 dissenyada per informar-te sobre com recopilem, utilitzem i protegim les teves dades personals quan interactues amb els nostres perfils en plataformes com Facebook, Instagram, Twitter, LinkedIn, YouTube, Vimeo i Google+.<\/p>\r\n<p><strong>4.1. Informaci\u00f3 a l'Usuari<\/strong><\/p>\r\n<p>Qui \u00e9s el responsable del tractament de les teves dades personals a les xarxes socials? TORRENT API SAU, d'ara endavant, el \"RESPONSABLE\", informa l'usuari (\"USUARI\") que ha creat perfils a les xarxes socials esmentades i \u00e9s el responsable del tractament de les dades personals que es realitzi en aquestes xarxes. Aquestes dades seran tractades de conformitat amb el Reglament (UE) 2016\/679, del 27 d'abril (GDPR), i la Llei Org\u00e0nica 3\/2018, del 5 de desembre (LOPDGDD). A continuaci\u00f3, us proporcionem informaci\u00f3 sobre el tractament de les vostres dades:<\/p>\r\n<p>Per qu\u00e8 tractem les teves dades personals?<\/p>\r\n<p>El tractament de les teves dades t\u00e9 com a finalitat mantenir una relaci\u00f3 entre l'USUARI i el RESPONSABLE, que pot incloure les operacions seg\u00fcents:<\/p>\r\n<p>- Tramitar sol\u00b7licituds i consultes plantejades al RESPONSABLE.<\/p>\r\n<p>- Informar sobre activitats i esdeveniments organitzats pel RESPONSABLE.<\/p>\r\n<p>- Informar sobre productes o serveis oferts pel RESPONSABLE.<\/p>\r\n<p>- Interactuar a trav\u00e9s dels perfils oficials a les xarxes socials.<\/p>\r\n<p>Per quin motiu podem tractar les dades personals?<\/p>\r\n<p>La base jur\u00eddica per al tractament \u00e9s l'article 6.1.a del GDPR, que estableix que l'interessat n'ha donat el consentiment per al tractament de les dades personals per a un o diversos fins espec\u00edfics. En seguir els nostres perfils oficials, l'USUARI mostra inter\u00e8s en la informaci\u00f3 publicada, i proporciona el seu consentiment per al tractament de les dades personals disponibles al seu perfil. L'USUARI pot accedir en tot moment a les pol\u00edtiques de privadesa de la xarxa social corresponent i configurar el seu perfil per garantir la seva privadesa. El RESPONSABLE t\u00e9 acc\u00e9s a la informaci\u00f3 p\u00fablica de l'USUARI, especialment el nom de contacte, i aquesta informaci\u00f3 s'utilitzar\u00e0 dins de la xarxa social i nom\u00e9s s'incorporar\u00e0 als nostres registres quan sigui necessari per tramitar la petici\u00f3 de l'USUARI.<\/p>\r\n<p>Durant quant de temps guardarem les teves dades personals?<\/p>\r\n<p>Les dades es conservaran mentre l'USUARI no revoqui el consentiment prestat. La revocaci\u00f3 del consentiment es pot fer en qualsevol moment mitjan\u00e7ant la configuraci\u00f3 de privadesa de la xarxa social o contactant-nos directament.<\/p>\r\n<p>A qui facilitem les teves dades personals?<\/p>\r\n<p>La informaci\u00f3 facilitada per l'USUARI a trav\u00e9s de les xarxes socials es pot publicar i, en funci\u00f3 dels serveis utilitzats, estar disponible per a altres usuaris. Des del perfil de cada xarxa social, l'USUARI pot configurar quina informaci\u00f3 vol fer p\u00fablica i gestionar permisos. No est\u00e0 prevista la comunicaci\u00f3 de dades personals a tercers fora de la xarxa social, tret que sigui necessari per al desenvolupament i execuci\u00f3 de les finalitats del tractament, als nostres prove\u00efdors de serveis relacionats amb comunicacions, amb els quals el RESPONSABLE t\u00e9 contractes de confidencialitat i encarregats de tractament conforme a la normativa de privadesa.<\/p>\r\n<p>Quins s\u00f3n els teus drets?<\/p>\r\n<p>L'USUARI t\u00e9 els drets seg\u00fcents sobre les seves dades personals:<\/p>\r\n<p>- Dret a retirar el consentiment en qualsevol moment.<\/p>\r\n<p>- Dret d'acc\u00e9s, rectificaci\u00f3, portabilitat i supressi\u00f3 de les vostres dades, i de limitaci\u00f3 o oposici\u00f3 al tractament.<\/p>\r\n<p>- Dret a presentar una reclamaci\u00f3 davant de l'autoritat de control (www.aepd.es) si considera que el tractament no s'ajusta a la normativa vigent.<\/p>\r\n<p>Per exercir aquests drets, pots contactar-nos a:<\/p>\r\n<p>Responsable del Tractament: TORRENT API SAU<\/p>\r\n<p>Adre\u00e7a: Pg. de Catalunya, 35 - 17257 Torroella de Montgr\u00ed (Girona)<\/p>\r\n<p>Correu Electr\u00f2nic:<a href=\"mailto:prodad@torrent-api.info\">prodad@torrent-api.info<\/a><\/p>\r\n<p>Dades de contacte del Delegat de Protecci\u00f3 de Dades:<a href=\"mailto:prodad@torrent-api.info\">prodad@torrent-api.info<\/a><\/p>\r\n<p><strong>4.2. Utilitzaci\u00f3 del Perfil<\/strong><\/p>\r\n<p>El RESPONSABLE podr\u00e0 realitzar les actuacions seg\u00fcents:<\/p>\r\n<p>- Accedir a la informaci\u00f3 p\u00fablica del perfil de l'USUARI.<\/p>\r\n<p>- Publicar al perfil de l'USUARI la informaci\u00f3 ja publicada a la xarxa social del RESPONSABLE.<\/p>\r\n<p>- Enviar missatges personals i individuals a trav\u00e9s dels canals de la xarxa social.<\/p>\r\n<p>- Actualitzar l'estat de la p\u00e0gina al perfil de l'USUARI.<\/p>\r\n<p>L'USUARI pot controlar les connexions, eliminar continguts que ja no us interessin i restringir amb qui comparteix les connexions a trav\u00e9s de la configuraci\u00f3 de privadesa del vostre perfil.<\/p>\r\n<p><strong>4.3. Publicacions<\/strong><\/p>\r\n<p>L'USUARI, en seguir o unir-se a les nostres xarxes socials, podr\u00e0 publicar comentaris, enlla\u00e7os, imatges, fotografies i altres continguts multim\u00e8dia. L'USUARI ha de ser el titular del contingut publicat, tenir els drets d'autor corresponents o comptar amb el consentiment de tercers afectats. Est\u00e0 prohibida la publicaci\u00f3 de contingut que atempti contra la moral, l'\u00e8tica, el bon gust, el dec\u00f2rum, i\/o que infringeixi drets de propietat intel\u00b7lectual, dret a la imatge o la llei. En aquests casos, el RESPONSABLE es reserva el dret de retirar el contingut sense av\u00eds previ i de sol\u00b7licitar el bloqueig permanent de l'USUARI. El RESPONSABLE no es responsabilitza del contingut publicat lliurement pels USUARIS. L'USUARI ha de tenir en compte que les seves publicacions seran visibles per a altres usuaris i \u00e9s responsable de la seva privadesa. Les imatges publicades a la xarxa social no seran emmagatzemades als nostres arxius, per\u00f2 romandran a la plataforma de la xarxa social.<\/p>\r\n<p><strong>4.4. Dades de menors d'edat o persones amb capacitats especials<\/strong><\/p>\r\n<p>L'acc\u00e9s i registre a les nostres xarxes socials est\u00e0 prohibit per a menors de 14 anys. Si l'USUARI t\u00e9 capacitats especials, cal la intervenci\u00f3 del titular de la p\u00e0tria potestat o tutela mitjan\u00e7ant un document v\u00e0lid que acrediti la representaci\u00f3.<\/p>\r\n<p>El RESPONSABLE queda exempt de qualsevol responsabilitat derivada de l\u00fas de les xarxes socials per menors dedat o persones amb capacitats especials. Si l'USUARI \u00e9s menor d'edat, no us heu de registrar ni utilitzar les nostres xarxes socials ni proporcionar informaci\u00f3 personal.<\/p>\r\n<p>\u00a0<\/p><\/div>\r\n<\/div><\/div>\n","protected":false},"excerpt":{"rendered":"","protected":false},"author":4,"featured_media":0,"parent":0,"menu_order":0,"comment_status":"closed","ping_status":"closed","template":"","meta":{"footnotes":""},"class_list":["post-6272","page","type-page","status-publish","hentry"],"yoast_head":"<!-- This site is optimized with the Yoast SEO plugin v27.3 - https:\/\/yoast.com\/product\/yoast-seo-wordpress\/ -->\n<title>Pol\u00edtica de privadesa - Blog<\/title>\n<meta name=\"robots\" content=\"noindex, nofollow\" \/>\n<meta property=\"og:locale\" content=\"ca_ES\" \/>\n<meta property=\"og:type\" content=\"article\" \/>\n<meta property=\"og:title\" content=\"Pol\u00edtica de privadesa - Blog\" \/>\n<meta property=\"og:url\" content=\"https:\/\/homesincostabrava.com\/ca\/politica-de-privadesa\/\" \/>\n<meta property=\"og:site_name\" content=\"Blog\" \/>\n<meta name=\"twitter:card\" content=\"summary_large_image\" \/>\n<script type=\"application\/ld+json\" class=\"yoast-schema-graph\">{\"@context\":\"https:\\\/\\\/schema.org\",\"@graph\":[{\"@type\":\"WebPage\",\"@id\":\"https:\\\/\\\/homesincostabrava.com\\\/ca\\\/politica-de-privadesa\\\/\",\"url\":\"https:\\\/\\\/homesincostabrava.com\\\/ca\\\/politica-de-privadesa\\\/\",\"name\":\"Pol\u00edtica de privadesa - Blog\",\"isPartOf\":{\"@id\":\"https:\\\/\\\/homesincostabrava.com\\\/ca\\\/#website\"},\"datePublished\":\"2026-03-12T12:17:20+00:00\",\"breadcrumb\":{\"@id\":\"https:\\\/\\\/homesincostabrava.com\\\/ca\\\/politica-de-privadesa\\\/#breadcrumb\"},\"inLanguage\":\"ca\",\"potentialAction\":[{\"@type\":\"ReadAction\",\"target\":[\"https:\\\/\\\/homesincostabrava.com\\\/ca\\\/politica-de-privadesa\\\/\"]}]},{\"@type\":\"BreadcrumbList\",\"@id\":\"https:\\\/\\\/homesincostabrava.com\\\/ca\\\/politica-de-privadesa\\\/#breadcrumb\",\"itemListElement\":[{\"@type\":\"ListItem\",\"position\":1,\"name\":\"Home\",\"item\":\"https:\\\/\\\/homesincostabrava.com\\\/ca\\\/\"},{\"@type\":\"ListItem\",\"position\":2,\"name\":\"Pol\u00edtica de privadesa\"}]},{\"@type\":\"WebSite\",\"@id\":\"https:\\\/\\\/homesincostabrava.com\\\/ca\\\/#website\",\"url\":\"https:\\\/\\\/homesincostabrava.com\\\/ca\\\/\",\"name\":\"Homes in Costa Brava\",\"description\":\"\",\"publisher\":{\"@id\":\"https:\\\/\\\/homesincostabrava.com\\\/ca\\\/#organization\"},\"potentialAction\":[{\"@type\":\"SearchAction\",\"target\":{\"@type\":\"EntryPoint\",\"urlTemplate\":\"https:\\\/\\\/homesincostabrava.com\\\/ca\\\/?s={search_term_string}\"},\"query-input\":{\"@type\":\"PropertyValueSpecification\",\"valueRequired\":true,\"valueName\":\"search_term_string\"}}],\"inLanguage\":\"ca\"},{\"@type\":\"Organization\",\"@id\":\"https:\\\/\\\/homesincostabrava.com\\\/ca\\\/#organization\",\"name\":\"Homes in Costa Brava\",\"url\":\"https:\\\/\\\/homesincostabrava.com\\\/ca\\\/\",\"logo\":{\"@type\":\"ImageObject\",\"inLanguage\":\"ca\",\"@id\":\"https:\\\/\\\/homesincostabrava.com\\\/ca\\\/#\\\/schema\\\/logo\\\/image\\\/\",\"url\":\"https:\\\/\\\/homesincostabrava.com\\\/wp-content\\\/uploads\\\/2025\\\/11\\\/ceigrup-torrentapi-logo-white.png\",\"contentUrl\":\"https:\\\/\\\/homesincostabrava.com\\\/wp-content\\\/uploads\\\/2025\\\/11\\\/ceigrup-torrentapi-logo-white.png\",\"width\":400,\"height\":109,\"caption\":\"Homes in Costa Brava\"},\"image\":{\"@id\":\"https:\\\/\\\/homesincostabrava.com\\\/ca\\\/#\\\/schema\\\/logo\\\/image\\\/\"}}]}<\/script>\n<!-- \/ Yoast SEO plugin. -->","yoast_head_json":{"title":"Pol\u00edtica de privadesa - Blog","robots":{"index":"noindex","follow":"nofollow"},"og_locale":"ca_ES","og_type":"article","og_title":"Pol\u00edtica de privadesa - Blog","og_url":"https:\/\/homesincostabrava.com\/ca\/politica-de-privadesa\/","og_site_name":"Blog","twitter_card":"summary_large_image","schema":{"@context":"https:\/\/schema.org","@graph":[{"@type":"WebPage","@id":"https:\/\/homesincostabrava.com\/ca\/politica-de-privadesa\/","url":"https:\/\/homesincostabrava.com\/ca\/politica-de-privadesa\/","name":"Pol\u00edtica de privadesa - Blog","isPartOf":{"@id":"https:\/\/homesincostabrava.com\/ca\/#website"},"datePublished":"2026-03-12T12:17:20+00:00","breadcrumb":{"@id":"https:\/\/homesincostabrava.com\/ca\/politica-de-privadesa\/#breadcrumb"},"inLanguage":"ca","potentialAction":[{"@type":"ReadAction","target":["https:\/\/homesincostabrava.com\/ca\/politica-de-privadesa\/"]}]},{"@type":"BreadcrumbList","@id":"https:\/\/homesincostabrava.com\/ca\/politica-de-privadesa\/#breadcrumb","itemListElement":[{"@type":"ListItem","position":1,"name":"Home","item":"https:\/\/homesincostabrava.com\/ca\/"},{"@type":"ListItem","position":2,"name":"Pol\u00edtica de privadesa"}]},{"@type":"WebSite","@id":"https:\/\/homesincostabrava.com\/ca\/#website","url":"https:\/\/homesincostabrava.com\/ca\/","name":"Homes in Costa Brava","description":"","publisher":{"@id":"https:\/\/homesincostabrava.com\/ca\/#organization"},"potentialAction":[{"@type":"SearchAction","target":{"@type":"EntryPoint","urlTemplate":"https:\/\/homesincostabrava.com\/ca\/?s={search_term_string}"},"query-input":{"@type":"PropertyValueSpecification","valueRequired":true,"valueName":"search_term_string"}}],"inLanguage":"ca"},{"@type":"Organization","@id":"https:\/\/homesincostabrava.com\/ca\/#organization","name":"Homes in Costa Brava","url":"https:\/\/homesincostabrava.com\/ca\/","logo":{"@type":"ImageObject","inLanguage":"ca","@id":"https:\/\/homesincostabrava.com\/ca\/#\/schema\/logo\/image\/","url":"https:\/\/homesincostabrava.com\/wp-content\/uploads\/2025\/11\/ceigrup-torrentapi-logo-white.png","contentUrl":"https:\/\/homesincostabrava.com\/wp-content\/uploads\/2025\/11\/ceigrup-torrentapi-logo-white.png","width":400,"height":109,"caption":"Homes in Costa Brava"},"image":{"@id":"https:\/\/homesincostabrava.com\/ca\/#\/schema\/logo\/image\/"}}]}},"_links":{"self":[{"href":"https:\/\/homesincostabrava.com\/ca\/wp-json\/wp\/v2\/pages\/6272","targetHints":{"allow":["GET"]}}],"collection":[{"href":"https:\/\/homesincostabrava.com\/ca\/wp-json\/wp\/v2\/pages"}],"about":[{"href":"https:\/\/homesincostabrava.com\/ca\/wp-json\/wp\/v2\/types\/page"}],"author":[{"embeddable":true,"href":"https:\/\/homesincostabrava.com\/ca\/wp-json\/wp\/v2\/users\/4"}],"replies":[{"embeddable":true,"href":"https:\/\/homesincostabrava.com\/ca\/wp-json\/wp\/v2\/comments?post=6272"}],"version-history":[{"count":0,"href":"https:\/\/homesincostabrava.com\/ca\/wp-json\/wp\/v2\/pages\/6272\/revisions"}],"wp:attachment":[{"href":"https:\/\/homesincostabrava.com\/ca\/wp-json\/wp\/v2\/media?parent=6272"}],"curies":[{"name":"wp","href":"https:\/\/api.w.org\/{rel}","templated":true}]}}